{"id":11,"date":"2024-05-23T00:36:06","date_gmt":"2024-05-22T22:36:06","guid":{"rendered":"https:\/\/www.cimglyon.fr\/?page_id=11"},"modified":"2024-05-24T00:39:36","modified_gmt":"2024-05-23T22:39:36","slug":"islam","status":"publish","type":"page","link":"https:\/\/www.cimglyon.fr\/index.php\/islam\/","title":{"rendered":"Islam"},"content":{"rendered":"\n<div class=\"wp-block-cover\"><span aria-hidden=\"true\" class=\"wp-block-cover__background has-background-dim\" style=\"background-color:#7a604a\"><\/span><img loading=\"lazy\" decoding=\"async\" width=\"1400\" height=\"787\" class=\"wp-block-cover__image-background wp-image-135\" alt=\"\" src=\"https:\/\/www.cimglyon.fr\/wp-content\/uploads\/2024\/05\/quest-ce-que-lislam.webp\" data-object-fit=\"cover\" srcset=\"https:\/\/www.cimglyon.fr\/wp-content\/uploads\/2024\/05\/quest-ce-que-lislam.webp 1400w, https:\/\/www.cimglyon.fr\/wp-content\/uploads\/2024\/05\/quest-ce-que-lislam-300x169.webp 300w, https:\/\/www.cimglyon.fr\/wp-content\/uploads\/2024\/05\/quest-ce-que-lislam-1024x576.webp 1024w, https:\/\/www.cimglyon.fr\/wp-content\/uploads\/2024\/05\/quest-ce-que-lislam-768x432.webp 768w, https:\/\/www.cimglyon.fr\/wp-content\/uploads\/2024\/05\/quest-ce-que-lislam-800x450.webp 800w\" sizes=\"auto, (max-width: 1400px) 100vw, 1400px\" \/><div class=\"wp-block-cover__inner-container is-layout-constrained wp-block-cover-is-layout-constrained\">\n<p class=\"has-text-align-center has-large-font-size\">Islam<\/p>\n<\/div><\/div>\n\n\n\n<h2 class=\"wp-block-heading\">L&rsquo;islam \u2013 une religion mondiale<\/h2>\n\n\n\n<p>L&rsquo;islam est la plus jeune des trois grandes religions monoth\u00e9istes du monde. Il est n\u00e9 au 7\u00e8me si\u00e8cle \u00e0 La Mecque, dans l&rsquo;actuelle Arabie saoudite. L\u00e0, le proph\u00e8te Muhammad a re\u00e7u la premi\u00e8re r\u00e9v\u00e9lation divine au mois de Ramadan. Le Coran, tel que nous le tenons aujourd&rsquo;hui, est le r\u00e9sultat de la collecte m\u00e9ticuleuse, de l&rsquo;\u00e9criture et de l&rsquo;arrangement des diff\u00e9rents versets (Ay\u00e2t) en chapitres contigus (souranes).<\/p>\n\n\n\n<p><strong>Les Cinq Piliers<\/strong><\/p>\n\n\n\n<p>La base de l&rsquo;islam est l&rsquo;engagement \u00e0 l&rsquo;unit\u00e9 absolue et \u00e0 l&rsquo;unicit\u00e9 de Dieu (Tawh\u00eed) et \u00e0 la proph\u00e9tie de Muhammad. Elle est en m\u00eame temps le contenu de la confession de foi (Chahada), la premi\u00e8re des soi-disant \u00ab Cinq Piliers \u00bb de l&rsquo;Islam. Il s&rsquo;agit des services religieux centraux que chaque musulman doit effectuer. Il s&rsquo;agit notamment de la pri\u00e8re quotidienne de cinq fois (Sal\u00e2h), du je\u00fbne au mois de Ramadan, de la cotisation sociale (Zakat) et enfin du p\u00e8lerinage (Hadch) \u00e0 la Mecque, qui devrait \u00eatre effectu\u00e9 une fois dans la vie si possible. Ces piliers fondamentaux de l&rsquo;islam renforcent \u2013 chacun \u00e0 lui-m\u00eame \u2013 la relation individuelle entre l&rsquo;homme et Dieu. Ils consolident la conscience des besoins des autres et l&rsquo;action solidaire.<\/p>\n\n\n\n<p><strong>l&rsquo;islam dans la vie quotidienne<\/strong><\/p>\n\n\n\n<p>L&rsquo;islam est une religion vivante qui a sa place au milieu de la vie. Le contenu de la croyance se refl\u00e8te principalement dans le mode de vie de chaque musulman. Des valeurs telles que la patience, la serviabilit\u00e9, la g\u00e9n\u00e9rosit\u00e9, la modestie et la mis\u00e9ricorde envers les humains et les animaux ne sont qu&rsquo;une petite partie de ce que l&rsquo;islam veut transmettre aux gens.<\/p>\n\n\n\n<p>Tous les actes d&rsquo;un musulman sont guid\u00e9s par la foi en une vie \u00e9ternelle apr\u00e8s la mort. Pour chaque petit tort qu&rsquo;il fait \u00e0 une autre cr\u00e9ature, l&rsquo;homme devra un jour rendre compte. C&rsquo;est pourquoi les musulmans s&rsquo;efforcent d&rsquo;\u00eatre toujours un mod\u00e8le positif pour la soci\u00e9t\u00e9 dans laquelle ils vivent par leurs actions et pour leurs semblables.<\/p>\n","protected":false},"excerpt":{"rendered":"<p>L&rsquo;islam \u2013 une religion mondiale L&rsquo;islam est la plus jeune des trois grandes religions monoth\u00e9istes du monde. Il est n\u00e9 au 7\u00e8me si\u00e8cle \u00e0 La Mecque, dans l&rsquo;actuelle Arabie saoudite. L\u00e0, le proph\u00e8te Muhammad a re\u00e7u la premi\u00e8re r\u00e9v\u00e9lation divine au mois de Ramadan. Le Coran, tel que nous le tenons aujourd&rsquo;hui, est le r\u00e9sultat [&hellip;]<\/p>\n","protected":false},"author":1,"featured_media":0,"parent":0,"menu_order":0,"comment_status":"closed","ping_status":"closed","template":"","meta":{"footnotes":""},"class_list":["post-11","page","type-page","status-publish","hentry","entry"],"_links":{"self":[{"href":"https:\/\/www.cimglyon.fr\/index.php\/wp-json\/wp\/v2\/pages\/11","targetHints":{"allow":["GET"]}}],"collection":[{"href":"https:\/\/www.cimglyon.fr\/index.php\/wp-json\/wp\/v2\/pages"}],"about":[{"href":"https:\/\/www.cimglyon.fr\/index.php\/wp-json\/wp\/v2\/types\/page"}],"author":[{"embeddable":true,"href":"https:\/\/www.cimglyon.fr\/index.php\/wp-json\/wp\/v2\/users\/1"}],"replies":[{"embeddable":true,"href":"https:\/\/www.cimglyon.fr\/index.php\/wp-json\/wp\/v2\/comments?post=11"}],"version-history":[{"count":3,"href":"https:\/\/www.cimglyon.fr\/index.php\/wp-json\/wp\/v2\/pages\/11\/revisions"}],"predecessor-version":[{"id":136,"href":"https:\/\/www.cimglyon.fr\/index.php\/wp-json\/wp\/v2\/pages\/11\/revisions\/136"}],"wp:attachment":[{"href":"https:\/\/www.cimglyon.fr\/index.php\/wp-json\/wp\/v2\/media?parent=11"}],"curies":[{"name":"wp","href":"https:\/\/api.w.org\/{rel}","templated":true}]}}